{"id":2114,"date":"2022-08-29T09:51:12","date_gmt":"2022-08-29T07:51:12","guid":{"rendered":"https:\/\/www.turismoastronomico.org\/?post_type=product&#038;p=2114"},"modified":"2024-03-23T22:08:58","modified_gmt":"2024-03-23T21:08:58","slug":"la-noche-de-los-cuentos-menores-de-12-anos","status":"publish","type":"product","link":"https:\/\/www.turismoastronomico.org\/en\/producto\/la-noche-de-los-cuentos-menores-de-12-anos\/","title":{"rendered":"Peque\u00f1os astronautas (Menores de 12 a\u00f1os)"},"content":{"rendered":"","protected":false},"excerpt":{"rendered":"","protected":false},"featured_media":2061,"comment_status":"closed","ping_status":"closed","template":"","meta":[],"product_brand":[],"product_cat":[21],"product_tag":[],"class_list":{"0":"post-2114","1":"product","2":"type-product","3":"status-publish","4":"has-post-thumbnail","6":"product_cat-visitas-y-reservas","8":"first","9":"instock","10":"taxable","11":"shipping-taxable","12":"purchasable","13":"product-type-simple"},"yoast_head":"<!-- This site is optimized with the Yoast SEO plugin v26.8 - https:\/\/yoast.com\/product\/yoast-seo-wordpress\/ -->\n<title>Peque\u00f1os astronautas (Menores de 12 a\u00f1os) - Turismo Astron\u00f3mico<\/title>\n<meta name=\"robots\" content=\"index, follow, max-snippet:-1, max-image-preview:large, max-video-preview:-1\" \/>\n<link rel=\"canonical\" href=\"https:\/\/www.turismoastronomico.org\/producto\/la-noche-de-los-cuentos-menores-de-12-anos\/\" \/>\n<meta property=\"og:locale\" content=\"en_US\" \/>\n<meta property=\"og:type\" content=\"article\" \/>\n<meta property=\"og:title\" content=\"Peque\u00f1os astronautas (Menores de 12 a\u00f1os) - Turismo Astron\u00f3mico\" \/>\n<meta property=\"og:url\" content=\"https:\/\/www.turismoastronomico.org\/producto\/la-noche-de-los-cuentos-menores-de-12-anos\/\" \/>\n<meta property=\"og:site_name\" content=\"Turismo Astron\u00f3mico\" \/>\n<meta property=\"article:publisher\" content=\"https:\/\/www.facebook.com\/Turismo-Astron%c3%b3mico-Complejo-Astron%c3%b3mico-Los-Coloraos-746148792112250\" \/>\n<meta property=\"article:modified_time\" content=\"2024-03-23T21:08:58+00:00\" \/>\n<meta property=\"og:image\" content=\"https:\/\/www.turismoastronomico.org\/media\/uploads\/2022\/08\/\u00bfpor_que\u0301_nos_sigue_la_luna__principia_kids.jpg\" \/>\n\t<meta property=\"og:image:width\" content=\"625\" \/>\n\t<meta property=\"og:image:height\" content=\"625\" \/>\n\t<meta property=\"og:image:type\" content=\"image\/jpeg\" \/>\n<meta name=\"twitter:card\" content=\"summary_large_image\" \/>\n<script type=\"application\/ld+json\" class=\"yoast-schema-graph\">{\"@context\":\"https:\/\/schema.org\",\"@graph\":[{\"@type\":\"WebPage\",\"@id\":\"https:\/\/www.turismoastronomico.org\/producto\/la-noche-de-los-cuentos-menores-de-12-anos\/\",\"url\":\"https:\/\/www.turismoastronomico.org\/producto\/la-noche-de-los-cuentos-menores-de-12-anos\/\",\"name\":\"Peque\u00f1os astronautas (Menores de 12 a\u00f1os) - Turismo Astron\u00f3mico\",\"isPartOf\":{\"@id\":\"https:\/\/www.turismoastronomico.org\/#website\"},\"primaryImageOfPage\":{\"@id\":\"https:\/\/www.turismoastronomico.org\/producto\/la-noche-de-los-cuentos-menores-de-12-anos\/#primaryimage\"},\"image\":{\"@id\":\"https:\/\/www.turismoastronomico.org\/producto\/la-noche-de-los-cuentos-menores-de-12-anos\/#primaryimage\"},\"thumbnailUrl\":\"https:\/\/www.turismoastronomico.org\/media\/uploads\/2022\/08\/\u00bfpor_que\u0301_nos_sigue_la_luna__principia_kids.jpg\",\"datePublished\":\"2022-08-29T07:51:12+00:00\",\"dateModified\":\"2024-03-23T21:08:58+00:00\",\"breadcrumb\":{\"@id\":\"https:\/\/www.turismoastronomico.org\/producto\/la-noche-de-los-cuentos-menores-de-12-anos\/#breadcrumb\"},\"inLanguage\":\"en-US\",\"potentialAction\":[{\"@type\":\"ReadAction\",\"target\":[\"https:\/\/www.turismoastronomico.org\/producto\/la-noche-de-los-cuentos-menores-de-12-anos\/\"]}]},{\"@type\":\"ImageObject\",\"inLanguage\":\"en-US\",\"@id\":\"https:\/\/www.turismoastronomico.org\/producto\/la-noche-de-los-cuentos-menores-de-12-anos\/#primaryimage\",\"url\":\"https:\/\/www.turismoastronomico.org\/media\/uploads\/2022\/08\/\u00bfpor_que\u0301_nos_sigue_la_luna__principia_kids.jpg\",\"contentUrl\":\"https:\/\/www.turismoastronomico.org\/media\/uploads\/2022\/08\/\u00bfpor_que\u0301_nos_sigue_la_luna__principia_kids.jpg\",\"width\":625,\"height\":625},{\"@type\":\"BreadcrumbList\",\"@id\":\"https:\/\/www.turismoastronomico.org\/producto\/la-noche-de-los-cuentos-menores-de-12-anos\/#breadcrumb\",\"itemListElement\":[{\"@type\":\"ListItem\",\"position\":1,\"name\":\"Portada\",\"item\":\"https:\/\/www.turismoastronomico.org\/\"},{\"@type\":\"ListItem\",\"position\":2,\"name\":\"Shop\",\"item\":\"https:\/\/www.turismoastronomico.org\/en\/shop\/\"},{\"@type\":\"ListItem\",\"position\":3,\"name\":\"Peque\u00f1os astronautas (Menores de 12 a\u00f1os)\"}]},{\"@type\":\"WebSite\",\"@id\":\"https:\/\/www.turismoastronomico.org\/#website\",\"url\":\"https:\/\/www.turismoastronomico.org\/\",\"name\":\"Turismo Astron\u00f3mico\",\"description\":\"\",\"potentialAction\":[{\"@type\":\"SearchAction\",\"target\":{\"@type\":\"EntryPoint\",\"urlTemplate\":\"https:\/\/www.turismoastronomico.org\/?s={search_term_string}\"},\"query-input\":{\"@type\":\"PropertyValueSpecification\",\"valueRequired\":true,\"valueName\":\"search_term_string\"}}],\"inLanguage\":\"en-US\"}]}<\/script>\n<!-- \/ Yoast SEO plugin. -->","yoast_head_json":{"title":"Peque\u00f1os astronautas (Menores de 12 a\u00f1os) - Turismo Astron\u00f3mico","robots":{"index":"index","follow":"follow","max-snippet":"max-snippet:-1","max-image-preview":"max-image-preview:large","max-video-preview":"max-video-preview:-1"},"canonical":"https:\/\/www.turismoastronomico.org\/producto\/la-noche-de-los-cuentos-menores-de-12-anos\/","og_locale":"en_US","og_type":"article","og_title":"Peque\u00f1os astronautas (Menores de 12 a\u00f1os) - Turismo Astron\u00f3mico","og_url":"https:\/\/www.turismoastronomico.org\/producto\/la-noche-de-los-cuentos-menores-de-12-anos\/","og_site_name":"Turismo Astron\u00f3mico","article_publisher":"https:\/\/www.facebook.com\/Turismo-Astron%c3%b3mico-Complejo-Astron%c3%b3mico-Los-Coloraos-746148792112250","article_modified_time":"2024-03-23T21:08:58+00:00","og_image":[{"width":625,"height":625,"url":"https:\/\/www.turismoastronomico.org\/media\/uploads\/2022\/08\/\u00bfpor_que\u0301_nos_sigue_la_luna__principia_kids.jpg","type":"image\/jpeg"}],"twitter_card":"summary_large_image","schema":{"@context":"https:\/\/schema.org","@graph":[{"@type":"WebPage","@id":"https:\/\/www.turismoastronomico.org\/producto\/la-noche-de-los-cuentos-menores-de-12-anos\/","url":"https:\/\/www.turismoastronomico.org\/producto\/la-noche-de-los-cuentos-menores-de-12-anos\/","name":"Peque\u00f1os astronautas (Menores de 12 a\u00f1os) - Turismo Astron\u00f3mico","isPartOf":{"@id":"https:\/\/www.turismoastronomico.org\/#website"},"primaryImageOfPage":{"@id":"https:\/\/www.turismoastronomico.org\/producto\/la-noche-de-los-cuentos-menores-de-12-anos\/#primaryimage"},"image":{"@id":"https:\/\/www.turismoastronomico.org\/producto\/la-noche-de-los-cuentos-menores-de-12-anos\/#primaryimage"},"thumbnailUrl":"https:\/\/www.turismoastronomico.org\/media\/uploads\/2022\/08\/\u00bfpor_que\u0301_nos_sigue_la_luna__principia_kids.jpg","datePublished":"2022-08-29T07:51:12+00:00","dateModified":"2024-03-23T21:08:58+00:00","breadcrumb":{"@id":"https:\/\/www.turismoastronomico.org\/producto\/la-noche-de-los-cuentos-menores-de-12-anos\/#breadcrumb"},"inLanguage":"en-US","potentialAction":[{"@type":"ReadAction","target":["https:\/\/www.turismoastronomico.org\/producto\/la-noche-de-los-cuentos-menores-de-12-anos\/"]}]},{"@type":"ImageObject","inLanguage":"en-US","@id":"https:\/\/www.turismoastronomico.org\/producto\/la-noche-de-los-cuentos-menores-de-12-anos\/#primaryimage","url":"https:\/\/www.turismoastronomico.org\/media\/uploads\/2022\/08\/\u00bfpor_que\u0301_nos_sigue_la_luna__principia_kids.jpg","contentUrl":"https:\/\/www.turismoastronomico.org\/media\/uploads\/2022\/08\/\u00bfpor_que\u0301_nos_sigue_la_luna__principia_kids.jpg","width":625,"height":625},{"@type":"BreadcrumbList","@id":"https:\/\/www.turismoastronomico.org\/producto\/la-noche-de-los-cuentos-menores-de-12-anos\/#breadcrumb","itemListElement":[{"@type":"ListItem","position":1,"name":"Portada","item":"https:\/\/www.turismoastronomico.org\/"},{"@type":"ListItem","position":2,"name":"Shop","item":"https:\/\/www.turismoastronomico.org\/en\/shop\/"},{"@type":"ListItem","position":3,"name":"Peque\u00f1os astronautas (Menores de 12 a\u00f1os)"}]},{"@type":"WebSite","@id":"https:\/\/www.turismoastronomico.org\/#website","url":"https:\/\/www.turismoastronomico.org\/","name":"Turismo Astron\u00f3mico","description":"","potentialAction":[{"@type":"SearchAction","target":{"@type":"EntryPoint","urlTemplate":"https:\/\/www.turismoastronomico.org\/?s={search_term_string}"},"query-input":{"@type":"PropertyValueSpecification","valueRequired":true,"valueName":"search_term_string"}}],"inLanguage":"en-US"}]}},"_links":{"self":[{"href":"https:\/\/www.turismoastronomico.org\/en\/wp-json\/wp\/v2\/product\/2114","targetHints":{"allow":["GET"]}}],"collection":[{"href":"https:\/\/www.turismoastronomico.org\/en\/wp-json\/wp\/v2\/product"}],"about":[{"href":"https:\/\/www.turismoastronomico.org\/en\/wp-json\/wp\/v2\/types\/product"}],"replies":[{"embeddable":true,"href":"https:\/\/www.turismoastronomico.org\/en\/wp-json\/wp\/v2\/comments?post=2114"}],"wp:featuredmedia":[{"embeddable":true,"href":"https:\/\/www.turismoastronomico.org\/en\/wp-json\/wp\/v2\/media\/2061"}],"wp:attachment":[{"href":"https:\/\/www.turismoastronomico.org\/en\/wp-json\/wp\/v2\/media?parent=2114"}],"wp:term":[{"taxonomy":"product_brand","embeddable":true,"href":"https:\/\/www.turismoastronomico.org\/en\/wp-json\/wp\/v2\/product_brand?post=2114"},{"taxonomy":"product_cat","embeddable":true,"href":"https:\/\/www.turismoastronomico.org\/en\/wp-json\/wp\/v2\/product_cat?post=2114"},{"taxonomy":"product_tag","embeddable":true,"href":"https:\/\/www.turismoastronomico.org\/en\/wp-json\/wp\/v2\/product_tag?post=2114"}],"curies":[{"name":"wp","href":"https:\/\/api.w.org\/{rel}","templated":true}]}}